{"id":16400,"date":"2021-09-21T08:26:59","date_gmt":"2021-09-21T08:26:59","guid":{"rendered":"https:\/\/fr-erg.pucoo.nl\/produkte\/balance-700-copy\/"},"modified":"2022-09-28T13:13:32","modified_gmt":"2022-09-28T13:13:32","slug":"inspiration-600","status":"publish","type":"page","link":"https:\/\/ergoline.ch\/fr\/produkte\/inspiration-600\/","title":{"rendered":"Inspiration 600"},"content":{"rendered":"<p>[vc_row css_animation=&#8221;&#8221; row_type=&#8221;row&#8221; use_row_as_full_screen_section=&#8221;no&#8221; type=&#8221;grid&#8221; angled_section=&#8221;no&#8221; text_align=&#8221;left&#8221; background_image_as_pattern=&#8221;without_pattern&#8221; z_index=&#8221;&#8221;][vc_column][vc_single_image image=&#8221;16401&#8243; img_size=&#8221;full&#8221; alignment=&#8221;center&#8221; qode_css_animation=&#8221;&#8221;][\/vc_column][\/vc_row][vc_row css_animation=&#8221;&#8221; row_type=&#8221;row&#8221; use_row_as_full_screen_section=&#8221;no&#8221; type=&#8221;grid&#8221; angled_section=&#8221;no&#8221; text_align=&#8221;left&#8221; background_image_as_pattern=&#8221;without_pattern&#8221; z_index=&#8221;&#8221;][vc_column][vc_separator type=&#8221;transparent&#8221;][vc_separator type=&#8221;transparent&#8221;][vc_column_text]<\/p>\n<h4><span lang=\"FR\">Le banc solaire Inspiration\u00a0600 offre, avec un syst\u00e8me de ventilation \u00e0 deux circuits, le son en 3D et la technologie NFC, des s\u00e9ances de bronzage confortables.<\/span><\/h4>\n<p>[\/vc_column_text][vc_separator type=&#8221;transparent&#8221;][vc_column_text]<span lang=\"FR\">Le banc solaire Inspiration\u00a0600 est, avec quatre bronzeurs faciaux et 42\u00a0lampes UV (Smart Performance), le meilleur de sa cat\u00e9gorie.<\/span>[\/vc_column_text][vc_separator type=&#8221;transparent&#8221;][vc_separator type=&#8221;transparent&#8221;][vc_separator type=&#8221;transparent&#8221;][\/vc_column][\/vc_row][vc_row css_animation=&#8221;&#8221; row_type=&#8221;row&#8221; use_row_as_full_screen_section=&#8221;no&#8221; type=&#8221;grid&#8221; angled_section=&#8221;no&#8221; text_align=&#8221;left&#8221; background_image_as_pattern=&#8221;without_pattern&#8221; z_index=&#8221;&#8221;][vc_column css=&#8221;.vc_custom_1599564426170{background-color: #f5f5f5 !important;}&#8221;][vc_tabs style=&#8221;boxed&#8221;][vc_tab title=&#8221;Technologie UV&#8221; tab_id=&#8221;9bbeed95-ece5-6&#8243;][vc_row_inner row_type=&#8221;row&#8221; type=&#8221;full_width&#8221; text_align=&#8221;left&#8221; css_animation=&#8221;&#8221;][vc_column_inner][vc_separator type=&#8221;transparent&#8221;][vc_column_text css=&#8221;.vc_custom_1654763760198{padding-left: 40px !important;}&#8221;]<\/p>\n<h2>UV-Technologie<\/h2>\n<p>[\/vc_column_text][\/vc_column_inner][\/vc_row_inner][vc_row_inner row_type=&#8221;row&#8221; type=&#8221;full_width&#8221; text_align=&#8221;left&#8221; css_animation=&#8221;&#8221;][vc_column_inner width=&#8221;1\/2&#8243; css=&#8221;.vc_custom_1654763766617{padding-left: 40px !important;}&#8221;][vc_empty_space][vc_column_text]<\/p>\n<ul>\n<li>42\u00a0x\u00a0200\u00a0W*\/4\u00a0x\u00a0400\u00a0W* + 3\u00a0x\u00a08\u00a0W<\/li>\n<li>Technologie Smart Performance<\/li>\n<li>Ultra Performance Plus<\/li>\n<li>Optimized Performance 0,3<\/li>\n<\/ul>\n<p>*Puissance maximale (la puissance maximale est adapt\u00e9e \u00e0 la l\u00e9gislation de chaque pays)[\/vc_column_text][\/vc_column_inner][vc_column_inner width=&#8221;1\/2&#8243;][\/vc_column_inner][\/vc_row_inner][\/vc_tab][vc_tab title=&#8221;Confort&#8221; tab_id=&#8221;1653997931128-1-2&#8243;][vc_row_inner row_type=&#8221;row&#8221; type=&#8221;full_width&#8221; text_align=&#8221;left&#8221; css_animation=&#8221;&#8221;][vc_column_inner][vc_separator type=&#8221;transparent&#8221;][vc_column_text css=&#8221;.vc_custom_1654763771523{padding-left: 40px !important;}&#8221;]<\/p>\n<h2>Confort<\/h2>\n<p>[\/vc_column_text][\/vc_column_inner][\/vc_row_inner][vc_row_inner row_type=&#8221;row&#8221; type=&#8221;full_width&#8221; text_align=&#8221;left&#8221; css_animation=&#8221;&#8221;][vc_column_inner width=&#8221;1\/2&#8243; css=&#8221;.vc_custom_1654763780968{padding-left: 40px !important;}&#8221;][vc_empty_space][vc_column_text]<\/p>\n<ul>\n<li>NFC Connect\/Personal Comfort<\/li>\n<li>Air Condition PLUS<\/li>\n<li>Comfort Cooling PLUS<\/li>\n<li>Couchette Bodyform Plus<\/li>\n<li>En option\u00a0: syst\u00e8mes Aqua Fresh et Aroma<\/li>\n<li>En option\u00a0: son en 3D avec Voice Guide, connexion MP3, lecture automatique et volume automatique<\/li>\n<li><\/li>\n<\/ul>\n<p>[\/vc_column_text][\/vc_column_inner][vc_column_inner width=&#8221;1\/2&#8243;][\/vc_column_inner][\/vc_row_inner][\/vc_tab][vc_tab title=&#8221;Conception&#8221; tab_id=&#8221;1653997975811-2-3&#8243;][vc_row_inner row_type=&#8221;row&#8221; type=&#8221;full_width&#8221; text_align=&#8221;left&#8221; css_animation=&#8221;&#8221;][vc_column_inner][vc_separator type=&#8221;transparent&#8221;][vc_column_text css=&#8221;.vc_custom_1664370776568{padding-left: 40px !important;}&#8221;]<\/p>\n<h2>Conception<\/h2>\n<p>[\/vc_column_text][\/vc_column_inner][\/vc_row_inner][vc_row_inner row_type=&#8221;row&#8221; type=&#8221;full_width&#8221; text_align=&#8221;left&#8221; css_animation=&#8221;&#8221;][vc_column_inner width=&#8221;1\/2&#8243; css=&#8221;.vc_custom_1654763794655{padding-left: 40px !important;}&#8221;][vc_empty_space][vc_column_text]<\/p>\n<div class=\"product-tabs__1-2-content\">\n<ul>\n<li>Couleur du d\u00e9cor\u00a0: argent satin\u00e9<\/li>\n<li>Animation lumineuse avec plus de 800\u00a0DEL High Performance<\/li>\n<li>Plus de 200\u00a0animations lumineuses et couleurs au choix<\/li>\n<li>\u00c9clairage int\u00e9rieur \u00e0 DEL\u00a0: \u00e9clairage vif<\/li>\n<li><\/li>\n<\/ul>\n<\/div>\n<p>[\/vc_column_text][\/vc_column_inner][vc_column_inner width=&#8221;1\/2&#8243;][\/vc_column_inner][\/vc_row_inner][\/vc_tab][vc_tab title=&#8221;Commande&#8221; tab_id=&#8221;1653998029094-3-3&#8243;][vc_row_inner row_type=&#8221;row&#8221; type=&#8221;full_width&#8221; text_align=&#8221;left&#8221; css_animation=&#8221;&#8221;][vc_column_inner][vc_separator type=&#8221;transparent&#8221;][vc_column_text css=&#8221;.vc_custom_1654763799812{padding-left: 40px !important;}&#8221;]<\/p>\n<h2>Commande<\/h2>\n<p>[\/vc_column_text][\/vc_column_inner][\/vc_row_inner][vc_row_inner row_type=&#8221;row&#8221; type=&#8221;full_width&#8221; text_align=&#8221;left&#8221; css_animation=&#8221;&#8221;][vc_column_inner width=&#8221;1\/2&#8243; css=&#8221;.vc_custom_1654763803363{padding-left: 40px !important;}&#8221;][vc_empty_space][vc_column_text]<\/p>\n<ul class=\"rte-list rte-list--size-14\">\n<li>NFC Connect<\/li>\n<li>Personal Comfort<\/li>\n<li>Voice Guide<\/li>\n<li><\/li>\n<\/ul>\n<p>[\/vc_column_text][\/vc_column_inner][vc_column_inner width=&#8221;1\/2&#8243;][\/vc_column_inner][\/vc_row_inner][\/vc_tab][\/vc_tabs][vc_separator type=&#8221;transparent&#8221;][vc_separator type=&#8221;transparent&#8221;][vc_separator type=&#8221;transparent&#8221;][\/vc_column][\/vc_row][vc_row css_animation=&#8221;&#8221; row_type=&#8221;row&#8221; use_row_as_full_screen_section=&#8221;no&#8221; type=&#8221;grid&#8221; angled_section=&#8221;no&#8221; text_align=&#8221;left&#8221; background_image_as_pattern=&#8221;without_pattern&#8221; z_index=&#8221;&#8221;][vc_column][vc_separator type=&#8221;transparent&#8221;][vc_separator type=&#8221;transparent&#8221;][vc_separator type=&#8221;transparent&#8221;][vc_single_image image=&#8221;16404&#8243; img_size=&#8221;full&#8221; qode_css_animation=&#8221;&#8221;][vc_separator type=&#8221;transparent&#8221;][vc_separator type=&#8221;transparent&#8221;][vc_separator type=&#8221;transparent&#8221;][\/vc_column][\/vc_row][vc_row row_type=&#8221;expandable&#8221; text_align=&#8221;left&#8221; color=&#8221;#000000&#8243; hover_color=&#8221;#000000&#8243; more_button_label=&#8221;Caract\u00e9ristiques techniques&#8221; less_button_label=&#8221;FERMER&#8221; css=&#8221;.vc_custom_1653998092677{padding-right: 40px !important;padding-left: 40px !important;}&#8221;][vc_column width=&#8221;2\/3&#8243;][vc_column_text]<\/p>\n<h2><strong>Caract\u00e9ristiques techniques<\/strong><\/h2>\n<p>[\/vc_column_text][vc_separator type=&#8221;normal&#8221;][vc_separator type=&#8221;transparent&#8221;][vc_row_inner row_type=&#8221;row&#8221; type=&#8221;full_width&#8221; text_align=&#8221;left&#8221; css_animation=&#8221;&#8221;][vc_column_inner width=&#8221;1\/2&#8243;][vc_column_text]<\/p>\n<div class=\"product-details__detail\">\n<h5 class=\"product-details__detail\">Dimensions du produit<\/h5>\n<h5><span class=\"product-details__subdetail\">(longueur x largeur x hauteur en cm)<\/span><\/h5>\n<\/div>\n<p>[\/vc_column_text][\/vc_column_inner][vc_column_inner width=&#8221;1\/2&#8243;][vc_column_text]<strong>Banc ferm\u00e9<\/strong><br \/>\n227-237 x 145 x 133<\/p>\n<p><strong>Banc ouvert<\/strong><br \/>\n227-237 x 145 x 170[\/vc_column_text][\/vc_column_inner][\/vc_row_inner][vc_row_inner row_type=&#8221;row&#8221; type=&#8221;full_width&#8221; text_align=&#8221;left&#8221; css_animation=&#8221;&#8221;][vc_column_inner][vc_separator type=&#8221;transparent&#8221;][vc_separator type=&#8221;normal&#8221;][vc_separator type=&#8221;transparent&#8221;][\/vc_column_inner][\/vc_row_inner][vc_row_inner row_type=&#8221;row&#8221; type=&#8221;full_width&#8221; text_align=&#8221;left&#8221; css_animation=&#8221;&#8221;][vc_column_inner width=&#8221;1\/2&#8243;][vc_column_text]<\/p>\n<div class=\"product-details__detail\">\n<h5 class=\"product-details__detail\">(longueur x largeur en cm)<\/h5>\n<h5><span class=\"product-details__subdetail\">(L x B in cm)<\/span><\/h5>\n<\/div>\n<h5 class=\"product-details__detail\"><\/h5>\n<p>[\/vc_column_text][\/vc_column_inner][vc_column_inner width=&#8221;1\/2&#8243;][vc_column_text]240 x 210[\/vc_column_text][\/vc_column_inner][\/vc_row_inner][vc_row_inner row_type=&#8221;row&#8221; type=&#8221;full_width&#8221; text_align=&#8221;left&#8221; css_animation=&#8221;&#8221;][vc_column_inner][vc_separator type=&#8221;transparent&#8221;][vc_separator type=&#8221;normal&#8221;][vc_separator type=&#8221;transparent&#8221;][\/vc_column_inner][\/vc_row_inner][vc_row_inner row_type=&#8221;row&#8221; type=&#8221;full_width&#8221; text_align=&#8221;left&#8221; css_animation=&#8221;&#8221;][vc_column_inner width=&#8221;1\/2&#8243;][vc_column_text]<\/p>\n<h5 class=\"product-details__detail\">Puissance totale maximale avec raccordement secteur 400\/415 V 3 N<\/h5>\n<p>[\/vc_column_text][\/vc_column_inner][vc_column_inner width=&#8221;1\/2&#8243;][vc_column_text]Smart: 8.400 W[\/vc_column_text][\/vc_column_inner][\/vc_row_inner][vc_row_inner row_type=&#8221;row&#8221; type=&#8221;full_width&#8221; text_align=&#8221;left&#8221; css_animation=&#8221;&#8221;][vc_column_inner][vc_separator type=&#8221;transparent&#8221;][vc_separator type=&#8221;normal&#8221;][vc_separator type=&#8221;transparent&#8221;][\/vc_column_inner][\/vc_row_inner][vc_row_inner row_type=&#8221;row&#8221; type=&#8221;full_width&#8221; text_align=&#8221;left&#8221; css_animation=&#8221;&#8221;][vc_column_inner width=&#8221;1\/2&#8243;][vc_column_text]<\/p>\n<div class=\"product-details__detail\">\n<h5 class=\"product-details__detail\">Fusibles<\/h5>\n<h5><span class=\"product-details__subdetail\">(lents)<\/span><\/h5>\n<\/div>\n<p>[\/vc_column_text][\/vc_column_inner][vc_column_inner width=&#8221;1\/2&#8243;][vc_column_text]3 x 35 A[\/vc_column_text][\/vc_column_inner][\/vc_row_inner][vc_row_inner row_type=&#8221;row&#8221; type=&#8221;full_width&#8221; text_align=&#8221;left&#8221; css_animation=&#8221;&#8221;][vc_column_inner][vc_separator type=&#8221;transparent&#8221;][vc_separator type=&#8221;normal&#8221;][vc_separator type=&#8221;transparent&#8221;][\/vc_column_inner][\/vc_row_inner][vc_row_inner row_type=&#8221;row&#8221; type=&#8221;full_width&#8221; text_align=&#8221;left&#8221; css_animation=&#8221;&#8221;][vc_column_inner width=&#8221;1\/2&#8243;][vc_column_text]<\/p>\n<h5 class=\"product-details__detail\">Poids<\/h5>\n<p>[\/vc_column_text][\/vc_column_inner][vc_column_inner width=&#8221;1\/2&#8243;][vc_column_text]540 kg[\/vc_column_text][\/vc_column_inner][\/vc_row_inner][vc_row_inner row_type=&#8221;row&#8221; type=&#8221;full_width&#8221; text_align=&#8221;left&#8221; css_animation=&#8221;&#8221;][vc_column_inner][vc_separator type=&#8221;transparent&#8221;][vc_separator type=&#8221;normal&#8221;][vc_separator type=&#8221;transparent&#8221;][\/vc_column_inner][\/vc_row_inner][vc_row_inner row_type=&#8221;row&#8221; type=&#8221;full_width&#8221; text_align=&#8221;left&#8221; css_animation=&#8221;&#8221;][vc_column_inner width=&#8221;1\/2&#8243;][vc_column_text]<\/p>\n<h5 class=\"product-details__detail\">Informations relatives au produit<\/h5>\n<p>[\/vc_column_text][\/vc_column_inner][vc_column_inner width=&#8221;1\/2&#8243;][vc_column_text]<img decoding=\"async\" loading=\"lazy\" class=\"wp-image-15600 alignleft\" src=\"https:\/\/ergoline.ch\/fr\/wp-content\/uploads\/2020\/09\/Schermafbeelding-2020-09-08-om-14.06.49.png\" alt=\"\" width=\"70\" height=\"85\" \/><\/p>\n<p><span lang=\"FR\">De plus amples informations sont disponibles dans nos manuels d\u2019instructions et de planning.<\/span>[\/vc_column_text][\/vc_column_inner][\/vc_row_inner][\/vc_column][vc_column width=&#8221;1\/3&#8243;][vc_single_image image=&#8221;15566&#8243; img_size=&#8221;full&#8221; qode_css_animation=&#8221;&#8221;][\/vc_column][\/vc_row][vc_row css_animation=&#8221;&#8221; row_type=&#8221;row&#8221; use_row_as_full_screen_section=&#8221;no&#8221; type=&#8221;full_width&#8221; angled_section=&#8221;no&#8221; text_align=&#8221;left&#8221; background_image_as_pattern=&#8221;without_pattern&#8221;][vc_column][vc_empty_space height=&#8221;100px&#8221;][\/vc_column][\/vc_row][vc_row css_animation=&#8221;&#8221; row_type=&#8221;row&#8221; use_row_as_full_screen_section=&#8221;no&#8221; type=&#8221;full_width&#8221; angled_section=&#8221;no&#8221; text_align=&#8221;center&#8221; background_image_as_pattern=&#8221;without_pattern&#8221; z_index=&#8221;&#8221;][vc_column]<a  itemprop=\"url\" href=\"https:\/\/ergoline.ch\/fr\/produkte\/\" target=\"_self\" data-hover-border-color='#000000' data-hover-color='#000000' class=\"qbutton  default borderstyle\" style=\"color: #000000; border-color: #000000; \">Retourner \u00e0 la vue d\u2019ensemble<\/a>[\/vc_column][\/vc_row][vc_row css_animation=&#8221;&#8221; row_type=&#8221;row&#8221; use_row_as_full_screen_section=&#8221;no&#8221; type=&#8221;full_width&#8221; angled_section=&#8221;no&#8221; text_align=&#8221;left&#8221; background_image_as_pattern=&#8221;without_pattern&#8221;][vc_column][vc_empty_space height=&#8221;25px&#8221;][\/vc_column][\/vc_row]<\/p>\n","protected":false},"excerpt":{"rendered":"<p>[vc_row css_animation=&#8221;&#8221; row_type=&#8221;row&#8221; use_row_as_full_screen_section=&#8221;no&#8221; type=&#8221;grid&#8221; angled_section=&#8221;no&#8221; text_align=&#8221;left&#8221; background_image_as_pattern=&#8221;without_pattern&#8221; z_index=&#8221;&#8221;][vc_column][vc_single_image image=&#8221;16401&#8243; img_size=&#8221;full&#8221; alignment=&#8221;center&#8221; qode_css_animation=&#8221;&#8221;][\/vc_column][\/vc_row][vc_row css_animation=&#8221;&#8221; row_type=&#8221;row&#8221; use_row_as_full_screen_section=&#8221;no&#8221; type=&#8221;grid&#8221; angled_section=&#8221;no&#8221; text_align=&#8221;left&#8221; background_image_as_pattern=&#8221;without_pattern&#8221; z_index=&#8221;&#8221;][vc_column][vc_separator type=&#8221;transparent&#8221;][vc_separator type=&#8221;transparent&#8221;][vc_column_text] Le banc solaire Inspiration\u00a0600 offre, avec un syst\u00e8me de ventilation \u00e0 deux circuits, le son en 3D et la technologie NFC, des&#8230;<\/p>\n","protected":false},"author":2,"featured_media":0,"parent":15582,"menu_order":0,"comment_status":"open","ping_status":"open","template":"full_width.php","meta":{"footnotes":""},"_links":{"self":[{"href":"https:\/\/ergoline.ch\/fr\/wp-json\/wp\/v2\/pages\/16400"}],"collection":[{"href":"https:\/\/ergoline.ch\/fr\/wp-json\/wp\/v2\/pages"}],"about":[{"href":"https:\/\/ergoline.ch\/fr\/wp-json\/wp\/v2\/types\/page"}],"author":[{"embeddable":true,"href":"https:\/\/ergoline.ch\/fr\/wp-json\/wp\/v2\/users\/2"}],"replies":[{"embeddable":true,"href":"https:\/\/ergoline.ch\/fr\/wp-json\/wp\/v2\/comments?post=16400"}],"version-history":[{"count":11,"href":"https:\/\/ergoline.ch\/fr\/wp-json\/wp\/v2\/pages\/16400\/revisions"}],"predecessor-version":[{"id":17090,"href":"https:\/\/ergoline.ch\/fr\/wp-json\/wp\/v2\/pages\/16400\/revisions\/17090"}],"up":[{"embeddable":true,"href":"https:\/\/ergoline.ch\/fr\/wp-json\/wp\/v2\/pages\/15582"}],"wp:attachment":[{"href":"https:\/\/ergoline.ch\/fr\/wp-json\/wp\/v2\/media?parent=16400"}],"curies":[{"name":"wp","href":"https:\/\/api.w.org\/{rel}","templated":true}]}}