{"id":16450,"date":"2021-09-21T10:27:34","date_gmt":"2021-09-21T10:27:34","guid":{"rendered":"https:\/\/fr-erg.pucoo.nl\/produkte\/affinity-990-copy\/"},"modified":"2022-06-14T14:12:34","modified_gmt":"2022-06-14T14:12:34","slug":"flair-250","status":"publish","type":"page","link":"https:\/\/ergoline.ch\/fr\/produkte\/flair-250\/","title":{"rendered":"Flair 250"},"content":{"rendered":"<p>[vc_row css_animation=&#8221;&#8221; row_type=&#8221;row&#8221; use_row_as_full_screen_section=&#8221;no&#8221; type=&#8221;grid&#8221; angled_section=&#8221;no&#8221; text_align=&#8221;left&#8221; background_image_as_pattern=&#8221;without_pattern&#8221; z_index=&#8221;&#8221;][vc_column][vc_single_image image=&#8221;16452&#8243; img_size=&#8221;full&#8221; alignment=&#8221;center&#8221; qode_css_animation=&#8221;&#8221;][\/vc_column][\/vc_row][vc_row css_animation=&#8221;&#8221; row_type=&#8221;row&#8221; use_row_as_full_screen_section=&#8221;no&#8221; type=&#8221;grid&#8221; angled_section=&#8221;no&#8221; text_align=&#8221;left&#8221; background_image_as_pattern=&#8221;without_pattern&#8221; z_index=&#8221;&#8221;][vc_column][vc_separator type=&#8221;transparent&#8221;][vc_separator type=&#8221;transparent&#8221;][vc_column_text]<\/p>\n<h4><strong>Mit 30 UV-Lampen und 3 Ultra Performance-Gesichtsbr\u00e4unern bietet Ergoline Flair 250 eine UV-Ausstattung, die man sonst nur aus h\u00f6heren Klassen kennt.\u00a0<\/strong><\/h4>\n<p>[\/vc_column_text][vc_separator type=&#8221;transparent&#8221;][vc_column_text]Die Bodyform Plus-Liegefl\u00e4che mit integriertem Kopfpolster und das Comfort Cooling-System mit verstellbaren L\u00fcftungsd\u00fcsen f\u00fcr Kopf- und K\u00f6rperbereich versprechen eine entspannte Br\u00e4unungs-Session.[\/vc_column_text][vc_separator type=&#8221;transparent&#8221;][vc_separator type=&#8221;transparent&#8221;][vc_separator type=&#8221;transparent&#8221;][\/vc_column][\/vc_row][vc_row css_animation=&#8221;&#8221; row_type=&#8221;row&#8221; use_row_as_full_screen_section=&#8221;no&#8221; type=&#8221;grid&#8221; angled_section=&#8221;no&#8221; text_align=&#8221;left&#8221; background_image_as_pattern=&#8221;without_pattern&#8221; z_index=&#8221;&#8221;][vc_column css=&#8221;.vc_custom_1599564426170{background-color: #f5f5f5 !important;}&#8221;][vc_tabs style=&#8221;boxed&#8221;][vc_tab title=&#8221;UV-Technologie&#8221; tab_id=&#8221;183371cd-49ec-4&#8243;][vc_row_inner row_type=&#8221;row&#8221; type=&#8221;full_width&#8221; text_align=&#8221;left&#8221; css_animation=&#8221;&#8221;][vc_column_inner css=&#8221;.vc_custom_1654764438670{padding-left: 40px !important;}&#8221;][vc_separator type=&#8221;transparent&#8221;][vc_column_text]<\/p>\n<h2>UV-Technologie<\/h2>\n<p>[\/vc_column_text][\/vc_column_inner][\/vc_row_inner][vc_row_inner row_type=&#8221;row&#8221; type=&#8221;full_width&#8221; text_align=&#8221;left&#8221; css_animation=&#8221;&#8221;][vc_column_inner width=&#8221;1\/2&#8243; css=&#8221;.vc_custom_1654764442410{padding-left: 40px !important;}&#8221;][vc_empty_space][vc_column_text]<\/p>\n<ul>\n<li>30 x 100\u00a0 \/ 3 x 400W<\/li>\n<li>Super Power<\/li>\n<li>Ultra Performance<\/li>\n<\/ul>\n<p>[\/vc_column_text][\/vc_column_inner][vc_column_inner width=&#8221;1\/2&#8243;][\/vc_column_inner][\/vc_row_inner][\/vc_tab][vc_tab title=&#8221;Confort&#8221; tab_id=&#8221;1653999082461-1-3&#8243;][vc_row_inner row_type=&#8221;row&#8221; type=&#8221;full_width&#8221; text_align=&#8221;left&#8221; css_animation=&#8221;&#8221;][vc_column_inner css=&#8221;.vc_custom_1654764447444{padding-left: 40px !important;}&#8221;][vc_separator type=&#8221;transparent&#8221;][vc_column_text]<\/p>\n<h2>Confort<\/h2>\n<p>[\/vc_column_text][\/vc_column_inner][\/vc_row_inner][vc_row_inner row_type=&#8221;row&#8221; type=&#8221;full_width&#8221; text_align=&#8221;left&#8221; css_animation=&#8221;&#8221;][vc_column_inner width=&#8221;1\/2&#8243; css=&#8221;.vc_custom_1654764452158{padding-left: 40px !important;}&#8221;][vc_empty_space][vc_column_text]<\/p>\n<div class=\"product-tabs__1-2-content\">\n<ul>\n<li>Bodyform Plus-Liegefl\u00e4che<\/li>\n<li>Comfort Cooling<\/li>\n<li>Optional: Stereo Sound \/ Stereo Sound Plus<\/li>\n<\/ul>\n<\/div>\n<p>[\/vc_column_text][\/vc_column_inner][vc_column_inner width=&#8221;1\/2&#8243;][\/vc_column_inner][\/vc_row_inner][\/vc_tab][vc_tab title=&#8221;Design&#8221; tab_id=&#8221;1653999114441-2-10&#8243;][vc_row_inner row_type=&#8221;row&#8221; type=&#8221;full_width&#8221; text_align=&#8221;left&#8221; css_animation=&#8221;&#8221;][vc_column_inner css=&#8221;.vc_custom_1654764456383{padding-left: 40px !important;}&#8221;][vc_separator type=&#8221;transparent&#8221;][vc_column_text]<\/p>\n<h2>Design<\/h2>\n<p>[\/vc_column_text][\/vc_column_inner][\/vc_row_inner][vc_row_inner row_type=&#8221;row&#8221; type=&#8221;full_width&#8221; text_align=&#8221;left&#8221; css_animation=&#8221;&#8221;][vc_column_inner width=&#8221;1\/2&#8243; css=&#8221;.vc_custom_1654764460288{padding-left: 40px !important;}&#8221;][vc_empty_space][vc_column_text]<\/p>\n<div class=\"product-tabs__1-2-content\">\n<ul>\n<li>Brilliant White Anthracite<\/li>\n<\/ul>\n<\/div>\n<p>[\/vc_column_text][\/vc_column_inner][vc_column_inner width=&#8221;1\/2&#8243;][\/vc_column_inner][\/vc_row_inner][\/vc_tab][vc_tab title=&#8221;Commande&#8221; tab_id=&#8221;1653999138843-3-0&#8243;][vc_row_inner row_type=&#8221;row&#8221; type=&#8221;full_width&#8221; text_align=&#8221;left&#8221; css_animation=&#8221;&#8221;][vc_column_inner css=&#8221;.vc_custom_1654764464578{padding-left: 40px !important;}&#8221;][vc_separator type=&#8221;transparent&#8221;][vc_column_text]<\/p>\n<h2>Commande<\/h2>\n<p>[\/vc_column_text][\/vc_column_inner][\/vc_row_inner][vc_row_inner row_type=&#8221;row&#8221; type=&#8221;full_width&#8221; text_align=&#8221;left&#8221; css_animation=&#8221;&#8221;][vc_column_inner width=&#8221;1\/2&#8243; css=&#8221;.vc_custom_1654764468296{padding-left: 40px !important;}&#8221;][vc_empty_space][vc_column_text]<\/p>\n<ul class=\"rte-list rte-list--size-14\">\n<li>Time Control-Timer<\/li>\n<\/ul>\n<p>[\/vc_column_text][\/vc_column_inner][vc_column_inner width=&#8221;1\/2&#8243;][\/vc_column_inner][\/vc_row_inner][\/vc_tab][\/vc_tabs][vc_separator type=&#8221;transparent&#8221;][vc_separator type=&#8221;transparent&#8221;][vc_separator type=&#8221;transparent&#8221;][\/vc_column][\/vc_row][vc_row css_animation=&#8221;&#8221; row_type=&#8221;row&#8221; use_row_as_full_screen_section=&#8221;no&#8221; type=&#8221;grid&#8221; angled_section=&#8221;no&#8221; text_align=&#8221;left&#8221; background_image_as_pattern=&#8221;without_pattern&#8221; z_index=&#8221;&#8221;][vc_column][vc_separator type=&#8221;transparent&#8221;][vc_separator type=&#8221;transparent&#8221;][vc_separator type=&#8221;transparent&#8221;][vc_single_image image=&#8221;16453&#8243; img_size=&#8221;full&#8221; qode_css_animation=&#8221;&#8221;][vc_separator type=&#8221;transparent&#8221;][vc_separator type=&#8221;transparent&#8221;][vc_separator type=&#8221;transparent&#8221;][\/vc_column][\/vc_row][vc_row row_type=&#8221;expandable&#8221; text_align=&#8221;left&#8221; css=&#8221;.vc_custom_1653999229947{padding-right: 40px !important;padding-left: 40px !important;}&#8221; color=&#8221;#000000&#8243; hover_color=&#8221;#000000&#8243; more_button_label=&#8221;Caract\u00e9ristiques techniques&#8221; less_button_label=&#8221;FERMER&#8221;][vc_column width=&#8221;2\/3&#8243;][vc_column_text]<\/p>\n<h2><strong>Caract\u00e9ristiques techniques<\/strong><\/h2>\n<p>[\/vc_column_text][vc_separator type=&#8221;normal&#8221;][vc_separator type=&#8221;transparent&#8221;][vc_row_inner row_type=&#8221;row&#8221; type=&#8221;full_width&#8221; text_align=&#8221;left&#8221; css_animation=&#8221;&#8221;][vc_column_inner width=&#8221;1\/2&#8243;][vc_column_text]<\/p>\n<div class=\"product-details__detail\">\n<h5 class=\"product-details__detail\">Dimensions du produit<\/h5>\n<h5><span class=\"product-details__subdetail\">(longueur x largeur x hauteur en cm)<\/span><\/h5>\n<\/div>\n<p>[\/vc_column_text][\/vc_column_inner][vc_column_inner width=&#8221;1\/2&#8243;][vc_column_text]<strong>Banc ferm\u00e9<\/strong><br \/>\n215-225 x 110 x 110<\/p>\n<p><strong>Banc ouvert<\/strong><br \/>\n215-225 x 110 x 147[\/vc_column_text][\/vc_column_inner][\/vc_row_inner][vc_row_inner row_type=&#8221;row&#8221; type=&#8221;full_width&#8221; text_align=&#8221;left&#8221; css_animation=&#8221;&#8221;][vc_column_inner][vc_separator type=&#8221;transparent&#8221;][vc_separator type=&#8221;normal&#8221;][vc_separator type=&#8221;transparent&#8221;][\/vc_column_inner][\/vc_row_inner][vc_row_inner row_type=&#8221;row&#8221; type=&#8221;full_width&#8221; text_align=&#8221;left&#8221; css_animation=&#8221;&#8221;][vc_column_inner width=&#8221;1\/2&#8243;][vc_column_text]<\/p>\n<div class=\"product-details__detail\">\n<h5 class=\"product-details__detail\">(longueur x largeur en cm)<\/h5>\n<h5><span class=\"product-details__subdetail\">(L x B in cm)<\/span><\/h5>\n<\/div>\n<p>[\/vc_column_text][\/vc_column_inner][vc_column_inner width=&#8221;1\/2&#8243;][vc_column_text]240 x 210[\/vc_column_text][\/vc_column_inner][\/vc_row_inner][vc_row_inner row_type=&#8221;row&#8221; type=&#8221;full_width&#8221; text_align=&#8221;left&#8221; css_animation=&#8221;&#8221;][vc_column_inner][vc_separator type=&#8221;transparent&#8221;][vc_separator type=&#8221;normal&#8221;][vc_separator type=&#8221;transparent&#8221;][\/vc_column_inner][\/vc_row_inner][vc_row_inner row_type=&#8221;row&#8221; type=&#8221;full_width&#8221; text_align=&#8221;left&#8221; css_animation=&#8221;&#8221;][vc_column_inner width=&#8221;1\/2&#8243;][vc_column_text]<\/p>\n<h5 class=\"product-details__detail\">Puissance totale maximale avec raccordement secteur 400\/415 V 3 N<\/h5>\n<p>[\/vc_column_text][\/vc_column_inner][vc_column_inner width=&#8221;1\/2&#8243;][vc_column_text]4.900 W[\/vc_column_text][\/vc_column_inner][\/vc_row_inner][vc_row_inner row_type=&#8221;row&#8221; type=&#8221;full_width&#8221; text_align=&#8221;left&#8221; css_animation=&#8221;&#8221;][vc_column_inner][vc_separator type=&#8221;transparent&#8221;][vc_separator type=&#8221;normal&#8221;][vc_separator type=&#8221;transparent&#8221;][\/vc_column_inner][\/vc_row_inner][vc_row_inner row_type=&#8221;row&#8221; type=&#8221;full_width&#8221; text_align=&#8221;left&#8221; css_animation=&#8221;&#8221;][vc_column_inner width=&#8221;1\/2&#8243;][vc_column_text]<\/p>\n<div class=\"product-details__detail\">\n<h5 class=\"product-details__detail\">Fusibles<\/h5>\n<h5><span class=\"product-details__subdetail\">(lents)<\/span><\/h5>\n<\/div>\n<p>[\/vc_column_text][\/vc_column_inner][vc_column_inner width=&#8221;1\/2&#8243;][vc_column_text]3 x 16 A[\/vc_column_text][\/vc_column_inner][\/vc_row_inner][vc_row_inner row_type=&#8221;row&#8221; type=&#8221;full_width&#8221; text_align=&#8221;left&#8221; css_animation=&#8221;&#8221;][vc_column_inner][vc_separator type=&#8221;transparent&#8221;][vc_separator type=&#8221;normal&#8221;][vc_separator type=&#8221;transparent&#8221;][\/vc_column_inner][\/vc_row_inner][vc_row_inner row_type=&#8221;row&#8221; type=&#8221;full_width&#8221; text_align=&#8221;left&#8221; css_animation=&#8221;&#8221;][vc_column_inner width=&#8221;1\/2&#8243;][vc_column_text]<\/p>\n<h5 class=\"product-details__detail\">Poids<\/h5>\n<p>[\/vc_column_text][\/vc_column_inner][vc_column_inner width=&#8221;1\/2&#8243;][vc_column_text]320 kg[\/vc_column_text][\/vc_column_inner][\/vc_row_inner][vc_row_inner row_type=&#8221;row&#8221; type=&#8221;full_width&#8221; text_align=&#8221;left&#8221; css_animation=&#8221;&#8221;][vc_column_inner][vc_separator type=&#8221;transparent&#8221;][vc_separator type=&#8221;normal&#8221;][vc_separator type=&#8221;transparent&#8221;][\/vc_column_inner][\/vc_row_inner][vc_row_inner row_type=&#8221;row&#8221; type=&#8221;full_width&#8221; text_align=&#8221;left&#8221; css_animation=&#8221;&#8221;][vc_column_inner width=&#8221;1\/2&#8243;][vc_column_text]<\/p>\n<h5 class=\"product-details__detail\">Informations relatives au produit<\/h5>\n<p>[\/vc_column_text][\/vc_column_inner][vc_column_inner width=&#8221;1\/2&#8243;][vc_column_text]<img decoding=\"async\" loading=\"lazy\" class=\"wp-image-15600 alignleft\" src=\"https:\/\/ergoline.ch\/fr\/wp-content\/uploads\/2020\/09\/Schermafbeelding-2020-09-08-om-14.06.49.png\" alt=\"\" width=\"70\" height=\"85\" \/><\/p>\n<p>De plus amples informations sont disponibles dans unseren <a class=\"rte-link\" title=\"Gebrauchsanweisungen\" href=\"https:\/\/www.jk-globalservice.de\/de-de\/technik\/gebrauchsanweisungen\/\" target=\"_blank\" rel=\"noopener\">Gebrauchsanweisungen\u00a0<\/a>und\u00a0<a class=\"rte-link\" title=\"Gebrauchsanweisungen\" href=\"https:\/\/www.jk-globalservice.de\/de-de\/technik\/planungshandbuch\/\" target=\"_blank\" rel=\"noopener\" type=\"button\">Planungshandb\u00fcchern<\/a>.[\/vc_column_text][\/vc_column_inner][\/vc_row_inner][\/vc_column][vc_column width=&#8221;1\/3&#8243;][vc_single_image image=&#8221;15574&#8243; img_size=&#8221;full&#8221; qode_css_animation=&#8221;&#8221;][\/vc_column][\/vc_row][vc_row css_animation=&#8221;&#8221; row_type=&#8221;row&#8221; use_row_as_full_screen_section=&#8221;no&#8221; type=&#8221;full_width&#8221; angled_section=&#8221;no&#8221; text_align=&#8221;left&#8221; background_image_as_pattern=&#8221;without_pattern&#8221;][vc_column][vc_empty_space height=&#8221;100px&#8221;][\/vc_column][\/vc_row][vc_row css_animation=&#8221;&#8221; row_type=&#8221;row&#8221; use_row_as_full_screen_section=&#8221;no&#8221; type=&#8221;full_width&#8221; angled_section=&#8221;no&#8221; text_align=&#8221;center&#8221; background_image_as_pattern=&#8221;without_pattern&#8221; z_index=&#8221;&#8221;][vc_column]<a  itemprop=\"url\" href=\"https:\/\/ergoline.ch\/fr\/produkte\/\" target=\"_self\" data-hover-border-color='#000000' data-hover-color='#000000' class=\"qbutton  default borderstyle\" style=\"color: #000000; border-color: #000000; \">Retourner \u00e0 la vue d\u2019ensemble<\/a>[\/vc_column][\/vc_row][vc_row css_animation=&#8221;&#8221; row_type=&#8221;row&#8221; use_row_as_full_screen_section=&#8221;no&#8221; type=&#8221;full_width&#8221; angled_section=&#8221;no&#8221; text_align=&#8221;left&#8221; background_image_as_pattern=&#8221;without_pattern&#8221;][vc_column][vc_empty_space height=&#8221;25px&#8221;][\/vc_column][\/vc_row]<\/p>\n","protected":false},"excerpt":{"rendered":"<p>[vc_row css_animation=&#8221;&#8221; row_type=&#8221;row&#8221; use_row_as_full_screen_section=&#8221;no&#8221; type=&#8221;grid&#8221; angled_section=&#8221;no&#8221; text_align=&#8221;left&#8221; background_image_as_pattern=&#8221;without_pattern&#8221; z_index=&#8221;&#8221;][vc_column][vc_single_image image=&#8221;16452&#8243; img_size=&#8221;full&#8221; alignment=&#8221;center&#8221; qode_css_animation=&#8221;&#8221;][\/vc_column][\/vc_row][vc_row css_animation=&#8221;&#8221; row_type=&#8221;row&#8221; use_row_as_full_screen_section=&#8221;no&#8221; type=&#8221;grid&#8221; angled_section=&#8221;no&#8221; text_align=&#8221;left&#8221; background_image_as_pattern=&#8221;without_pattern&#8221; z_index=&#8221;&#8221;][vc_column][vc_separator type=&#8221;transparent&#8221;][vc_separator type=&#8221;transparent&#8221;][vc_column_text] Mit 30 UV-Lampen und 3 Ultra Performance-Gesichtsbr\u00e4unern bietet Ergoline Flair 250 eine UV-Ausstattung, die man sonst nur aus h\u00f6heren Klassen kennt.\u00a0 [\/vc_column_text][vc_separator&#8230;<\/p>\n","protected":false},"author":2,"featured_media":0,"parent":15582,"menu_order":0,"comment_status":"open","ping_status":"open","template":"full_width.php","meta":{"footnotes":""},"_links":{"self":[{"href":"https:\/\/ergoline.ch\/fr\/wp-json\/wp\/v2\/pages\/16450"}],"collection":[{"href":"https:\/\/ergoline.ch\/fr\/wp-json\/wp\/v2\/pages"}],"about":[{"href":"https:\/\/ergoline.ch\/fr\/wp-json\/wp\/v2\/types\/page"}],"author":[{"embeddable":true,"href":"https:\/\/ergoline.ch\/fr\/wp-json\/wp\/v2\/users\/2"}],"replies":[{"embeddable":true,"href":"https:\/\/ergoline.ch\/fr\/wp-json\/wp\/v2\/comments?post=16450"}],"version-history":[{"count":9,"href":"https:\/\/ergoline.ch\/fr\/wp-json\/wp\/v2\/pages\/16450\/revisions"}],"predecessor-version":[{"id":17060,"href":"https:\/\/ergoline.ch\/fr\/wp-json\/wp\/v2\/pages\/16450\/revisions\/17060"}],"up":[{"embeddable":true,"href":"https:\/\/ergoline.ch\/fr\/wp-json\/wp\/v2\/pages\/15582"}],"wp:attachment":[{"href":"https:\/\/ergoline.ch\/fr\/wp-json\/wp\/v2\/media?parent=16450"}],"curies":[{"name":"wp","href":"https:\/\/api.w.org\/{rel}","templated":true}]}}