{"id":16460,"date":"2021-09-21T10:42:54","date_gmt":"2021-09-21T10:42:54","guid":{"rendered":"https:\/\/fr-erg.pucoo.nl\/produkte\/flair-200-copy\/"},"modified":"2022-09-28T13:41:57","modified_gmt":"2022-09-28T13:41:57","slug":"essence-440","status":"publish","type":"page","link":"https:\/\/ergoline.ch\/fr\/produkte\/essence-440\/","title":{"rendered":"Essence 440"},"content":{"rendered":"<p>[vc_row css_animation=&#8221;&#8221; row_type=&#8221;row&#8221; use_row_as_full_screen_section=&#8221;no&#8221; type=&#8221;grid&#8221; angled_section=&#8221;no&#8221; text_align=&#8221;left&#8221; background_image_as_pattern=&#8221;without_pattern&#8221; z_index=&#8221;&#8221;][vc_column][vc_single_image image=&#8221;16461&#8243; img_size=&#8221;full&#8221; alignment=&#8221;center&#8221; qode_css_animation=&#8221;&#8221;][\/vc_column][\/vc_row][vc_row css_animation=&#8221;&#8221; row_type=&#8221;row&#8221; use_row_as_full_screen_section=&#8221;no&#8221; type=&#8221;grid&#8221; angled_section=&#8221;no&#8221; text_align=&#8221;left&#8221; background_image_as_pattern=&#8221;without_pattern&#8221; z_index=&#8221;&#8221;][vc_column][vc_separator type=&#8221;transparent&#8221;][vc_separator type=&#8221;transparent&#8221;][vc_column_text]<strong><span lang=\"FR\">La plaque vibrante Vibra Shape brevet\u00e9e fait de la s\u00e9ance de bronzage une s\u00e9ance de fitness.<\/span><\/strong>[\/vc_column_text][vc_separator type=&#8221;transparent&#8221;][vc_column_text]<span lang=\"FR\">Les vibrations douces pour les articulations favorisent la perte de poids, resserrent le tissu conjonctif et pr\u00e9viennent la cellulite.\u00a0La circulation sanguine am\u00e9lior\u00e9e permet d\u2019obtenir de meilleurs r\u00e9sultats de bronzage.\u00a0Pour un h\u00e2le parfait en seulement 15\u00a0minutes.<\/span>[\/vc_column_text][vc_separator type=&#8221;transparent&#8221;][vc_separator type=&#8221;transparent&#8221;][vc_separator type=&#8221;transparent&#8221;][\/vc_column][\/vc_row][vc_row css_animation=&#8221;&#8221; row_type=&#8221;row&#8221; use_row_as_full_screen_section=&#8221;no&#8221; type=&#8221;grid&#8221; angled_section=&#8221;no&#8221; text_align=&#8221;left&#8221; background_image_as_pattern=&#8221;without_pattern&#8221; z_index=&#8221;&#8221;][vc_column css=&#8221;.vc_custom_1599564426170{background-color: #f5f5f5 !important;}&#8221;][vc_tabs style=&#8221;boxed&#8221;][vc_tab title=&#8221;UV-Technologie&#8221; tab_id=&#8221;e26d29aa-f83b-0&#8243;][vc_row_inner row_type=&#8221;row&#8221; type=&#8221;full_width&#8221; text_align=&#8221;left&#8221; css_animation=&#8221;&#8221;][vc_column_inner][vc_separator type=&#8221;transparent&#8221;][vc_column_text]<\/p>\n<h2>UV-Technologie<\/h2>\n<p>[\/vc_column_text][\/vc_column_inner][\/vc_row_inner][vc_row_inner row_type=&#8221;row&#8221; type=&#8221;full_width&#8221; text_align=&#8221;left&#8221; css_animation=&#8221;&#8221;][vc_column_inner width=&#8221;1\/2&#8243;][vc_empty_space][vc_column_text]<\/p>\n<ul>\n<li>44\u00a0x\u00a0200\u00a0W<\/li>\n<li>Smart Power<\/li>\n<li>Lampes de deux m\u00e8tres<\/li>\n<li><\/li>\n<\/ul>\n<p>[\/vc_column_text][\/vc_column_inner][vc_column_inner width=&#8221;1\/2&#8243;][\/vc_column_inner][\/vc_row_inner][\/vc_tab][vc_tab title=&#8221;Confort&#8221; tab_id=&#8221;1654000364289-1-2&#8243;][vc_row_inner row_type=&#8221;row&#8221; type=&#8221;full_width&#8221; text_align=&#8221;left&#8221; css_animation=&#8221;&#8221;][vc_column_inner][vc_separator type=&#8221;transparent&#8221;][vc_column_text]<\/p>\n<h2>Confort<\/h2>\n<p>[\/vc_column_text][\/vc_column_inner][\/vc_row_inner][vc_row_inner row_type=&#8221;row&#8221; type=&#8221;full_width&#8221; text_align=&#8221;left&#8221; css_animation=&#8221;&#8221;][vc_column_inner width=&#8221;1\/2&#8243;][vc_empty_space][vc_column_text]<\/p>\n<div class=\"product-tabs__1-2-content\">\n<ul>\n<li>Top Cooling<\/li>\n<li>Single Sound<\/li>\n<li>En option\u00a0: syst\u00e8me Aroma<\/li>\n<li>En option\u00a0: module audio avec connexion MP3<\/li>\n<li><\/li>\n<\/ul>\n<\/div>\n<p>[\/vc_column_text][\/vc_column_inner][vc_column_inner width=&#8221;1\/2&#8243;][\/vc_column_inner][\/vc_row_inner][\/vc_tab][vc_tab title=&#8221;Conception&#8221; tab_id=&#8221;1654000389841-2-6&#8243;][vc_row_inner row_type=&#8221;row&#8221; type=&#8221;full_width&#8221; text_align=&#8221;left&#8221; css_animation=&#8221;&#8221;][vc_column_inner][vc_separator type=&#8221;transparent&#8221;][vc_column_text]<\/p>\n<h2>Conception<\/h2>\n<p>[\/vc_column_text][\/vc_column_inner][\/vc_row_inner][vc_row_inner row_type=&#8221;row&#8221; type=&#8221;full_width&#8221; text_align=&#8221;left&#8221; css_animation=&#8221;&#8221;][vc_column_inner width=&#8221;1\/2&#8243;][vc_empty_space][vc_column_text]<\/p>\n<div class=\"product-tabs__1-2-content\">\n<ul>\n<li>Rouge \u00e9carlate<\/li>\n<li>\u00c9clairage de veille<\/li>\n<\/ul>\n<\/div>\n<p>[\/vc_column_text][\/vc_column_inner][vc_column_inner width=&#8221;1\/2&#8243;][\/vc_column_inner][\/vc_row_inner][\/vc_tab][\/vc_tabs][vc_separator type=&#8221;transparent&#8221;][vc_separator type=&#8221;transparent&#8221;][vc_separator type=&#8221;transparent&#8221;][\/vc_column][\/vc_row][vc_row css_animation=&#8221;&#8221; row_type=&#8221;row&#8221; use_row_as_full_screen_section=&#8221;no&#8221; type=&#8221;full_width&#8221; angled_section=&#8221;no&#8221; text_align=&#8221;left&#8221; background_image_as_pattern=&#8221;without_pattern&#8221;][vc_column][vc_empty_space height=&#8221;100px&#8221;][\/vc_column][\/vc_row][vc_row row_type=&#8221;expandable&#8221; text_align=&#8221;left&#8221; css=&#8221;.vc_custom_1655216386214{padding-right: 40px !important;padding-left: 40px !important;}&#8221; hover_color=&#8221;#000000&#8243; more_button_label=&#8221;Caract\u00e9ristiques techniques&#8221; less_button_label=&#8221;Schlu\u00df&#8221;][vc_column width=&#8221;2\/3&#8243;][vc_column_text]<\/p>\n<h2 class=\"product-details__headline\"><strong>Caract\u00e9ristiques techniques<\/strong><\/h2>\n<div class=\"product-details__content\">\n<div class=\"product-details__inner-container\">\n<div class=\"product-details__1-2-content\"><\/div>\n<\/div>\n<\/div>\n<p>[\/vc_column_text][vc_separator type=&#8221;normal&#8221;][vc_separator type=&#8221;transparent&#8221;][vc_row_inner row_type=&#8221;row&#8221; type=&#8221;full_width&#8221; text_align=&#8221;left&#8221; css_animation=&#8221;&#8221;][vc_column_inner width=&#8221;1\/2&#8243;][vc_column_text]<\/p>\n<div class=\"product-details__detail\">\n<h5 class=\"product-details__detail\">Dimensions du produit<\/h5>\n<h5><span class=\"product-details__subdetail\">(longueur x largeur x hauteur en cm)<\/span><\/h5>\n<\/div>\n<p>[\/vc_column_text][\/vc_column_inner][vc_column_inner width=&#8221;1\/2&#8243;][vc_column_text]<strong>Banc ferm\u00e9<\/strong><br \/>\n110 x 109 x 227<\/p>\n<p><strong>Banc ouvert<\/strong><br \/>\n110 x 135 x 227[\/vc_column_text][\/vc_column_inner][\/vc_row_inner][vc_row_inner row_type=&#8221;row&#8221; type=&#8221;full_width&#8221; text_align=&#8221;left&#8221; css_animation=&#8221;&#8221;][vc_column_inner][vc_separator type=&#8221;transparent&#8221;][vc_separator type=&#8221;normal&#8221;][vc_separator type=&#8221;transparent&#8221;][\/vc_column_inner][\/vc_row_inner][vc_row_inner row_type=&#8221;row&#8221; type=&#8221;full_width&#8221; text_align=&#8221;left&#8221; css_animation=&#8221;&#8221;][vc_column_inner width=&#8221;1\/2&#8243;][vc_column_text]<\/p>\n<div class=\"product-details__detail\">\n<h5 class=\"product-details__detail\">(longueur x largeur en cm)<\/h5>\n<h5><span class=\"product-details__subdetail\">(L x B in cm)<\/span><\/h5>\n<\/div>\n<p>[\/vc_column_text][\/vc_column_inner][vc_column_inner width=&#8221;1\/2&#8243;][vc_column_text]210 x 240 x 232[\/vc_column_text][\/vc_column_inner][\/vc_row_inner][vc_row_inner row_type=&#8221;row&#8221; type=&#8221;full_width&#8221; text_align=&#8221;left&#8221; css_animation=&#8221;&#8221;][vc_column_inner][vc_separator type=&#8221;transparent&#8221;][vc_separator type=&#8221;normal&#8221;][vc_separator type=&#8221;transparent&#8221;][\/vc_column_inner][\/vc_row_inner][vc_row_inner row_type=&#8221;row&#8221; type=&#8221;full_width&#8221; text_align=&#8221;left&#8221; css_animation=&#8221;&#8221;][vc_column_inner width=&#8221;1\/2&#8243;][vc_column_text]<\/p>\n<h5 class=\"product-details__detail\">Puissance totale maximale avec raccordement secteur 400\/415 V 3 N<\/h5>\n<p>[\/vc_column_text][\/vc_column_inner][vc_column_inner width=&#8221;1\/2&#8243;][vc_column_text]7.600 W[\/vc_column_text][\/vc_column_inner][\/vc_row_inner][vc_row_inner row_type=&#8221;row&#8221; type=&#8221;full_width&#8221; text_align=&#8221;left&#8221; css_animation=&#8221;&#8221;][vc_column_inner][vc_separator type=&#8221;transparent&#8221;][vc_separator type=&#8221;normal&#8221;][vc_separator type=&#8221;transparent&#8221;][\/vc_column_inner][\/vc_row_inner][vc_row_inner row_type=&#8221;row&#8221; type=&#8221;full_width&#8221; text_align=&#8221;left&#8221; css_animation=&#8221;&#8221;][vc_column_inner width=&#8221;1\/2&#8243;][vc_column_text]<\/p>\n<div class=\"product-details__detail\">\n<h5 class=\"product-details__detail\">Fusibles<\/h5>\n<h5><span class=\"product-details__subdetail\">(lents)<\/span><\/h5>\n<\/div>\n<p>[\/vc_column_text][\/vc_column_inner][vc_column_inner width=&#8221;1\/2&#8243;][vc_column_text]3 x 16 A[\/vc_column_text][\/vc_column_inner][\/vc_row_inner][vc_row_inner row_type=&#8221;row&#8221; type=&#8221;full_width&#8221; text_align=&#8221;left&#8221; css_animation=&#8221;&#8221;][vc_column_inner][vc_separator type=&#8221;transparent&#8221;][vc_separator type=&#8221;normal&#8221;][vc_separator type=&#8221;transparent&#8221;][\/vc_column_inner][\/vc_row_inner][vc_row_inner row_type=&#8221;row&#8221; type=&#8221;full_width&#8221; text_align=&#8221;left&#8221; css_animation=&#8221;&#8221;][vc_column_inner width=&#8221;1\/2&#8243;][vc_column_text]<\/p>\n<h5 class=\"product-details__detail\">Poids<\/h5>\n<p>[\/vc_column_text][\/vc_column_inner][vc_column_inner width=&#8221;1\/2&#8243;][vc_column_text]206 kg[\/vc_column_text][\/vc_column_inner][\/vc_row_inner][vc_row_inner row_type=&#8221;row&#8221; type=&#8221;full_width&#8221; text_align=&#8221;left&#8221; css_animation=&#8221;&#8221;][vc_column_inner][vc_separator type=&#8221;transparent&#8221;][vc_separator type=&#8221;normal&#8221;][vc_separator type=&#8221;transparent&#8221;][\/vc_column_inner][\/vc_row_inner][vc_row_inner row_type=&#8221;row&#8221; type=&#8221;full_width&#8221; text_align=&#8221;left&#8221; css_animation=&#8221;&#8221;][vc_column_inner width=&#8221;1\/2&#8243;][vc_column_text]<\/p>\n<h5 class=\"product-details__detail\">Informations relatives au produit<\/h5>\n<p>[\/vc_column_text][\/vc_column_inner][vc_column_inner width=&#8221;1\/2&#8243;][vc_column_text]<img decoding=\"async\" loading=\"lazy\" class=\"wp-image-15600 alignleft\" src=\"https:\/\/ergoline.ch\/fr\/wp-content\/uploads\/2020\/09\/Schermafbeelding-2020-09-08-om-14.06.49.png\" alt=\"\" width=\"70\" height=\"85\" \/><\/p>\n<p><span lang=\"FR\">De plus amples informations sont disponibles dans nos manuels d\u2019instructions et de planning.<\/span>[\/vc_column_text][\/vc_column_inner][\/vc_row_inner][\/vc_column][vc_column width=&#8221;1\/3&#8243;][vc_single_image image=&#8221;16523&#8243; img_size=&#8221;full&#8221; qode_css_animation=&#8221;&#8221;][\/vc_column][\/vc_row][vc_row css_animation=&#8221;&#8221; row_type=&#8221;row&#8221; use_row_as_full_screen_section=&#8221;no&#8221; type=&#8221;full_width&#8221; angled_section=&#8221;no&#8221; text_align=&#8221;left&#8221; background_image_as_pattern=&#8221;without_pattern&#8221;][vc_column][vc_empty_space height=&#8221;100px&#8221;][\/vc_column][\/vc_row][vc_row css_animation=&#8221;&#8221; row_type=&#8221;row&#8221; use_row_as_full_screen_section=&#8221;no&#8221; type=&#8221;full_width&#8221; angled_section=&#8221;no&#8221; text_align=&#8221;center&#8221; background_image_as_pattern=&#8221;without_pattern&#8221; z_index=&#8221;&#8221;][vc_column]<a  itemprop=\"url\" href=\"https:\/\/ergoline.ch\/fr\/produkte\/\" target=\"_self\" data-hover-border-color='#000000' data-hover-color='#000000' class=\"qbutton  default borderstyle\" style=\"color: #000000; border-color: #000000; \">Retourner \u00e0 la vue d\u2019ensemble<\/a>[\/vc_column][\/vc_row][vc_row css_animation=&#8221;&#8221; row_type=&#8221;row&#8221; use_row_as_full_screen_section=&#8221;no&#8221; type=&#8221;full_width&#8221; angled_section=&#8221;no&#8221; text_align=&#8221;left&#8221; background_image_as_pattern=&#8221;without_pattern&#8221;][vc_column][vc_empty_space height=&#8221;25px&#8221;][\/vc_column][\/vc_row]<\/p>\n","protected":false},"excerpt":{"rendered":"<p>[vc_row css_animation=&#8221;&#8221; row_type=&#8221;row&#8221; use_row_as_full_screen_section=&#8221;no&#8221; type=&#8221;grid&#8221; angled_section=&#8221;no&#8221; text_align=&#8221;left&#8221; background_image_as_pattern=&#8221;without_pattern&#8221; z_index=&#8221;&#8221;][vc_column][vc_single_image image=&#8221;16461&#8243; img_size=&#8221;full&#8221; alignment=&#8221;center&#8221; qode_css_animation=&#8221;&#8221;][\/vc_column][\/vc_row][vc_row css_animation=&#8221;&#8221; row_type=&#8221;row&#8221; use_row_as_full_screen_section=&#8221;no&#8221; type=&#8221;grid&#8221; angled_section=&#8221;no&#8221; text_align=&#8221;left&#8221; background_image_as_pattern=&#8221;without_pattern&#8221; z_index=&#8221;&#8221;][vc_column][vc_separator type=&#8221;transparent&#8221;][vc_separator type=&#8221;transparent&#8221;][vc_column_text]La plaque vibrante Vibra Shape brevet\u00e9e fait de la s\u00e9ance de bronzage une s\u00e9ance de fitness.[\/vc_column_text][vc_separator type=&#8221;transparent&#8221;][vc_column_text]Les vibrations douces pour les articulations favorisent&#8230;<\/p>\n","protected":false},"author":2,"featured_media":0,"parent":15582,"menu_order":0,"comment_status":"open","ping_status":"open","template":"full_width.php","meta":{"footnotes":""},"_links":{"self":[{"href":"https:\/\/ergoline.ch\/fr\/wp-json\/wp\/v2\/pages\/16460"}],"collection":[{"href":"https:\/\/ergoline.ch\/fr\/wp-json\/wp\/v2\/pages"}],"about":[{"href":"https:\/\/ergoline.ch\/fr\/wp-json\/wp\/v2\/types\/page"}],"author":[{"embeddable":true,"href":"https:\/\/ergoline.ch\/fr\/wp-json\/wp\/v2\/users\/2"}],"replies":[{"embeddable":true,"href":"https:\/\/ergoline.ch\/fr\/wp-json\/wp\/v2\/comments?post=16460"}],"version-history":[{"count":10,"href":"https:\/\/ergoline.ch\/fr\/wp-json\/wp\/v2\/pages\/16460\/revisions"}],"predecessor-version":[{"id":17098,"href":"https:\/\/ergoline.ch\/fr\/wp-json\/wp\/v2\/pages\/16460\/revisions\/17098"}],"up":[{"embeddable":true,"href":"https:\/\/ergoline.ch\/fr\/wp-json\/wp\/v2\/pages\/15582"}],"wp:attachment":[{"href":"https:\/\/ergoline.ch\/fr\/wp-json\/wp\/v2\/media?parent=16460"}],"curies":[{"name":"wp","href":"https:\/\/api.w.org\/{rel}","templated":true}]}}